{"id":2970,"date":"2024-05-03T08:51:24","date_gmt":"2024-05-03T08:51:24","guid":{"rendered":"https:\/\/www.mixnclean.eu\/?post_type=product&#038;p=2970"},"modified":"2024-08-05T08:43:06","modified_gmt":"2024-08-05T08:43:06","slug":"mix-n-clean-multi-surfaces","status":"publish","type":"product","link":"http:\/\/www.mixnclean.eu\/fr\/product\/mix-n-clean-multi-surfaces\/","title":{"rendered":"Mix \u2018n Clean | Multi-surfaces"},"content":{"rendered":"","protected":false},"excerpt":{"rendered":"<p>Ce produit fonctionne sur toutes les surfaces r\u00e9sistantes \u00e0 l\u2019eau de votre maison. Utilisez le quotidiennement pour nettoyer la table, les \u00e9tag\u00e8res ou encore toutes les surfaces o\u00f9 pourrait s\u2019\u00eatre log\u00e9e la poussi\u00e8re. Il est aussi parfaitement adapt\u00e9 pour les vitres et les surfaces en verre.<\/p>\n<p>Ce pack contient :<\/p>\n<ul>\n<li>une bouteille r\u00e9utilisable avec son spray<\/li>\n<li>1 capsule de nettoyant d\u00e9graissant concentr\u00e9 pour la cuisine<\/li>\n<\/ul>\n","protected":false},"featured_media":2519,"comment_status":"open","ping_status":"closed","template":"","meta":[],"product_brand":[],"product_cat":[49],"product_tag":[55],"class_list":{"0":"post-2970","1":"product","2":"type-product","3":"status-publish","4":"has-post-thumbnail","6":"product_cat-produits-mix-n-clean","7":"product_tag-mix-n-clean-multi-surfaces","9":"first","10":"instock","11":"taxable","12":"shipping-taxable","13":"purchasable","14":"product-type-simple"},"yoast_head":"<!-- This site is optimized with the Yoast SEO plugin v27.1 - https:\/\/yoast.com\/product\/yoast-seo-wordpress\/ -->\n<title>Mix \u2018n Clean | Multi-surfaces<\/title>\n<meta name=\"robots\" content=\"index, follow, max-snippet:-1, max-image-preview:large, max-video-preview:-1\" \/>\n<link rel=\"canonical\" href=\"http:\/\/www.mixnclean.eu\/fr\/product\/mix-n-clean-multi-surfaces\/\" \/>\n<meta property=\"og:locale\" content=\"fr_FR\" \/>\n<meta property=\"og:type\" content=\"article\" \/>\n<meta property=\"og:title\" content=\"Mix \u2018n Clean | Multi-surfaces\" \/>\n<meta property=\"og:description\" content=\"Ce produit fonctionne sur toutes les surfaces r\u00e9sistantes \u00e0 l\u2019eau de votre maison. Utilisez le quotidiennement pour nettoyer la table, les \u00e9tag\u00e8res ou encore toutes les surfaces o\u00f9 pourrait s\u2019\u00eatre log\u00e9e la poussi\u00e8re. Il est aussi parfaitement adapt\u00e9 pour les vitres et les surfaces en verre.  Ce pack contient :   une bouteille r\u00e9utilisable avec son spray  1 capsule de nettoyant d\u00e9graissant concentr\u00e9 pour la cuisine\" \/>\n<meta property=\"og:url\" content=\"http:\/\/www.mixnclean.eu\/fr\/product\/mix-n-clean-multi-surfaces\/\" \/>\n<meta property=\"og:site_name\" content=\"Mix &#039;n Clean\" \/>\n<meta property=\"article:modified_time\" content=\"2024-08-05T08:43:06+00:00\" \/>\n<meta property=\"og:image\" content=\"https:\/\/www.mixnclean.eu\/wp-content\/uploads\/2023\/01\/Mix-n-Clean-Kit-Mockup-Allpurpose-FR.jpg\" \/>\n\t<meta property=\"og:image:width\" content=\"1200\" \/>\n\t<meta property=\"og:image:height\" content=\"1293\" \/>\n\t<meta property=\"og:image:type\" content=\"image\/jpeg\" \/>\n<meta name=\"twitter:card\" content=\"summary_large_image\" \/>\n<meta name=\"twitter:label1\" content=\"Dur\u00e9e de lecture estim\u00e9e\" \/>\n\t<meta name=\"twitter:data1\" content=\"1 minute\" \/>\n<script type=\"application\/ld+json\" class=\"yoast-schema-graph\">{\"@context\":\"https:\/\/schema.org\",\"@graph\":[{\"@type\":\"WebPage\",\"@id\":\"http:\/\/www.mixnclean.eu\/fr\/product\/mix-n-clean-multi-surfaces\/\",\"url\":\"http:\/\/www.mixnclean.eu\/fr\/product\/mix-n-clean-multi-surfaces\/\",\"name\":\"Mix \u2018n Clean | Multi-surfaces\",\"isPartOf\":{\"@id\":\"https:\/\/www.mixnclean.eu\/fr\/#website\"},\"primaryImageOfPage\":{\"@id\":\"http:\/\/www.mixnclean.eu\/fr\/product\/mix-n-clean-multi-surfaces\/#primaryimage\"},\"image\":{\"@id\":\"http:\/\/www.mixnclean.eu\/fr\/product\/mix-n-clean-multi-surfaces\/#primaryimage\"},\"thumbnailUrl\":\"http:\/\/www.mixnclean.eu\/wp-content\/uploads\/2023\/01\/Mix-n-Clean-Kit-Mockup-Allpurpose-FR.jpg\",\"datePublished\":\"2024-05-03T08:51:24+00:00\",\"dateModified\":\"2024-08-05T08:43:06+00:00\",\"breadcrumb\":{\"@id\":\"http:\/\/www.mixnclean.eu\/fr\/product\/mix-n-clean-multi-surfaces\/#breadcrumb\"},\"inLanguage\":\"fr-FR\",\"potentialAction\":[{\"@type\":\"ReadAction\",\"target\":[\"http:\/\/www.mixnclean.eu\/fr\/product\/mix-n-clean-multi-surfaces\/\"]}]},{\"@type\":\"ImageObject\",\"inLanguage\":\"fr-FR\",\"@id\":\"http:\/\/www.mixnclean.eu\/fr\/product\/mix-n-clean-multi-surfaces\/#primaryimage\",\"url\":\"http:\/\/www.mixnclean.eu\/wp-content\/uploads\/2023\/01\/Mix-n-Clean-Kit-Mockup-Allpurpose-FR.jpg\",\"contentUrl\":\"http:\/\/www.mixnclean.eu\/wp-content\/uploads\/2023\/01\/Mix-n-Clean-Kit-Mockup-Allpurpose-FR.jpg\",\"width\":1200,\"height\":1293},{\"@type\":\"BreadcrumbList\",\"@id\":\"http:\/\/www.mixnclean.eu\/fr\/product\/mix-n-clean-multi-surfaces\/#breadcrumb\",\"itemListElement\":[{\"@type\":\"ListItem\",\"position\":1,\"name\":\"Home\",\"item\":\"http:\/\/www.mixnclean.eu\/fr\/\"},{\"@type\":\"ListItem\",\"position\":2,\"name\":\"Produits\",\"item\":\"http:\/\/www.mixnclean.eu\/fr\/shop\/\"},{\"@type\":\"ListItem\",\"position\":3,\"name\":\"Mix \u2018n Clean | Multi-surfaces\"}]},{\"@type\":\"WebSite\",\"@id\":\"https:\/\/www.mixnclean.eu\/fr\/#website\",\"url\":\"https:\/\/www.mixnclean.eu\/fr\/\",\"name\":\"Mix &#039;n Clean\",\"description\":\"Fun, fast &amp; easy cleaning\",\"publisher\":{\"@id\":\"https:\/\/www.mixnclean.eu\/fr\/#organization\"},\"potentialAction\":[{\"@type\":\"SearchAction\",\"target\":{\"@type\":\"EntryPoint\",\"urlTemplate\":\"https:\/\/www.mixnclean.eu\/fr\/?s={search_term_string}\"},\"query-input\":{\"@type\":\"PropertyValueSpecification\",\"valueRequired\":true,\"valueName\":\"search_term_string\"}}],\"inLanguage\":\"fr-FR\"},{\"@type\":\"Organization\",\"@id\":\"https:\/\/www.mixnclean.eu\/fr\/#organization\",\"name\":\"Mix &#039;n Clean\",\"url\":\"https:\/\/www.mixnclean.eu\/fr\/\",\"logo\":{\"@type\":\"ImageObject\",\"inLanguage\":\"fr-FR\",\"@id\":\"https:\/\/www.mixnclean.eu\/fr\/#\/schema\/logo\/image\/\",\"url\":\"http:\/\/www.mixnclean.eu\/wp-content\/uploads\/2022\/01\/Mix-n-Clean-LOGO-KLEUR-GEELFR.png\",\"contentUrl\":\"http:\/\/www.mixnclean.eu\/wp-content\/uploads\/2022\/01\/Mix-n-Clean-LOGO-KLEUR-GEELFR.png\",\"width\":264,\"height\":237,\"caption\":\"Mix &#039;n Clean\"},\"image\":{\"@id\":\"https:\/\/www.mixnclean.eu\/fr\/#\/schema\/logo\/image\/\"}}]}<\/script>\n<!-- \/ Yoast SEO plugin. -->","yoast_head_json":{"title":"Mix \u2018n Clean | Multi-surfaces","robots":{"index":"index","follow":"follow","max-snippet":"max-snippet:-1","max-image-preview":"max-image-preview:large","max-video-preview":"max-video-preview:-1"},"canonical":"http:\/\/www.mixnclean.eu\/fr\/product\/mix-n-clean-multi-surfaces\/","og_locale":"fr_FR","og_type":"article","og_title":"Mix \u2018n Clean | Multi-surfaces","og_description":"Ce produit fonctionne sur toutes les surfaces r\u00e9sistantes \u00e0 l\u2019eau de votre maison. Utilisez le quotidiennement pour nettoyer la table, les \u00e9tag\u00e8res ou encore toutes les surfaces o\u00f9 pourrait s\u2019\u00eatre log\u00e9e la poussi\u00e8re. Il est aussi parfaitement adapt\u00e9 pour les vitres et les surfaces en verre.  Ce pack contient :   une bouteille r\u00e9utilisable avec son spray  1 capsule de nettoyant d\u00e9graissant concentr\u00e9 pour la cuisine","og_url":"http:\/\/www.mixnclean.eu\/fr\/product\/mix-n-clean-multi-surfaces\/","og_site_name":"Mix &#039;n Clean","article_modified_time":"2024-08-05T08:43:06+00:00","og_image":[{"width":1200,"height":1293,"url":"https:\/\/www.mixnclean.eu\/wp-content\/uploads\/2023\/01\/Mix-n-Clean-Kit-Mockup-Allpurpose-FR.jpg","type":"image\/jpeg"}],"twitter_card":"summary_large_image","twitter_misc":{"Dur\u00e9e de lecture estim\u00e9e":"1 minute"},"schema":{"@context":"https:\/\/schema.org","@graph":[{"@type":"WebPage","@id":"http:\/\/www.mixnclean.eu\/fr\/product\/mix-n-clean-multi-surfaces\/","url":"http:\/\/www.mixnclean.eu\/fr\/product\/mix-n-clean-multi-surfaces\/","name":"Mix \u2018n Clean | Multi-surfaces","isPartOf":{"@id":"https:\/\/www.mixnclean.eu\/fr\/#website"},"primaryImageOfPage":{"@id":"http:\/\/www.mixnclean.eu\/fr\/product\/mix-n-clean-multi-surfaces\/#primaryimage"},"image":{"@id":"http:\/\/www.mixnclean.eu\/fr\/product\/mix-n-clean-multi-surfaces\/#primaryimage"},"thumbnailUrl":"http:\/\/www.mixnclean.eu\/wp-content\/uploads\/2023\/01\/Mix-n-Clean-Kit-Mockup-Allpurpose-FR.jpg","datePublished":"2024-05-03T08:51:24+00:00","dateModified":"2024-08-05T08:43:06+00:00","breadcrumb":{"@id":"http:\/\/www.mixnclean.eu\/fr\/product\/mix-n-clean-multi-surfaces\/#breadcrumb"},"inLanguage":"fr-FR","potentialAction":[{"@type":"ReadAction","target":["http:\/\/www.mixnclean.eu\/fr\/product\/mix-n-clean-multi-surfaces\/"]}]},{"@type":"ImageObject","inLanguage":"fr-FR","@id":"http:\/\/www.mixnclean.eu\/fr\/product\/mix-n-clean-multi-surfaces\/#primaryimage","url":"http:\/\/www.mixnclean.eu\/wp-content\/uploads\/2023\/01\/Mix-n-Clean-Kit-Mockup-Allpurpose-FR.jpg","contentUrl":"http:\/\/www.mixnclean.eu\/wp-content\/uploads\/2023\/01\/Mix-n-Clean-Kit-Mockup-Allpurpose-FR.jpg","width":1200,"height":1293},{"@type":"BreadcrumbList","@id":"http:\/\/www.mixnclean.eu\/fr\/product\/mix-n-clean-multi-surfaces\/#breadcrumb","itemListElement":[{"@type":"ListItem","position":1,"name":"Home","item":"http:\/\/www.mixnclean.eu\/fr\/"},{"@type":"ListItem","position":2,"name":"Produits","item":"http:\/\/www.mixnclean.eu\/fr\/shop\/"},{"@type":"ListItem","position":3,"name":"Mix \u2018n Clean | Multi-surfaces"}]},{"@type":"WebSite","@id":"https:\/\/www.mixnclean.eu\/fr\/#website","url":"https:\/\/www.mixnclean.eu\/fr\/","name":"Mix &#039;n Clean","description":"Fun, fast &amp; easy cleaning","publisher":{"@id":"https:\/\/www.mixnclean.eu\/fr\/#organization"},"potentialAction":[{"@type":"SearchAction","target":{"@type":"EntryPoint","urlTemplate":"https:\/\/www.mixnclean.eu\/fr\/?s={search_term_string}"},"query-input":{"@type":"PropertyValueSpecification","valueRequired":true,"valueName":"search_term_string"}}],"inLanguage":"fr-FR"},{"@type":"Organization","@id":"https:\/\/www.mixnclean.eu\/fr\/#organization","name":"Mix &#039;n Clean","url":"https:\/\/www.mixnclean.eu\/fr\/","logo":{"@type":"ImageObject","inLanguage":"fr-FR","@id":"https:\/\/www.mixnclean.eu\/fr\/#\/schema\/logo\/image\/","url":"http:\/\/www.mixnclean.eu\/wp-content\/uploads\/2022\/01\/Mix-n-Clean-LOGO-KLEUR-GEELFR.png","contentUrl":"http:\/\/www.mixnclean.eu\/wp-content\/uploads\/2022\/01\/Mix-n-Clean-LOGO-KLEUR-GEELFR.png","width":264,"height":237,"caption":"Mix &#039;n Clean"},"image":{"@id":"https:\/\/www.mixnclean.eu\/fr\/#\/schema\/logo\/image\/"}}]}},"_links":{"self":[{"href":"http:\/\/www.mixnclean.eu\/fr\/wp-json\/wp\/v2\/product\/2970","targetHints":{"allow":["GET"]}}],"collection":[{"href":"http:\/\/www.mixnclean.eu\/fr\/wp-json\/wp\/v2\/product"}],"about":[{"href":"http:\/\/www.mixnclean.eu\/fr\/wp-json\/wp\/v2\/types\/product"}],"replies":[{"embeddable":true,"href":"http:\/\/www.mixnclean.eu\/fr\/wp-json\/wp\/v2\/comments?post=2970"}],"version-history":[{"count":1,"href":"http:\/\/www.mixnclean.eu\/fr\/wp-json\/wp\/v2\/product\/2970\/revisions"}],"predecessor-version":[{"id":3175,"href":"http:\/\/www.mixnclean.eu\/fr\/wp-json\/wp\/v2\/product\/2970\/revisions\/3175"}],"wp:featuredmedia":[{"embeddable":true,"href":"http:\/\/www.mixnclean.eu\/fr\/wp-json\/wp\/v2\/media\/2519"}],"wp:attachment":[{"href":"http:\/\/www.mixnclean.eu\/fr\/wp-json\/wp\/v2\/media?parent=2970"}],"wp:term":[{"taxonomy":"product_brand","embeddable":true,"href":"http:\/\/www.mixnclean.eu\/fr\/wp-json\/wp\/v2\/product_brand?post=2970"},{"taxonomy":"product_cat","embeddable":true,"href":"http:\/\/www.mixnclean.eu\/fr\/wp-json\/wp\/v2\/product_cat?post=2970"},{"taxonomy":"product_tag","embeddable":true,"href":"http:\/\/www.mixnclean.eu\/fr\/wp-json\/wp\/v2\/product_tag?post=2970"}],"curies":[{"name":"wp","href":"https:\/\/api.w.org\/{rel}","templated":true}]}}