{"id":2972,"date":"2024-05-03T09:06:40","date_gmt":"2024-05-03T09:06:40","guid":{"rendered":"https:\/\/www.mixnclean.eu\/?post_type=product&#038;p=2972"},"modified":"2024-08-05T08:41:52","modified_gmt":"2024-08-05T08:41:52","slug":"recharges-cuisine","status":"publish","type":"product","link":"http:\/\/www.mixnclean.eu\/fr\/product\/recharges-cuisine\/","title":{"rendered":"Recharges | Cuisine"},"content":{"rendered":"","protected":false},"excerpt":{"rendered":"<p>Ces capsules sont des recharges pour le Mix \u2018n Clean Cuisine. Elles contiennent le produit concentr\u00e9 pr\u00eat \u00e0 \u00eatre mix\u00e9 !Utilisez quotidiennement ces capsules pour nettoyer toute votre cuisine (plan de travail, plaque de cuisson, four, etc.) afin d\u2019enlever facilement les taches de graisses et d\u2019huiles.<\/p>\n<p>Ce pack contient :<\/p>\n<ul>\n<li>3 recharges de 5 ml de produit concentr\u00e9 = 3 x 350 ml de produit pr\u00eat \u00e0 l\u2019emploi<\/li>\n<\/ul>\n","protected":false},"featured_media":2554,"comment_status":"open","ping_status":"closed","template":"","meta":[],"product_brand":[],"product_cat":[49],"product_tag":[52],"class_list":{"0":"post-2972","1":"product","2":"type-product","3":"status-publish","4":"has-post-thumbnail","6":"product_cat-produits-mix-n-clean","7":"product_tag-recharge-cuisine","9":"first","10":"instock","11":"taxable","12":"shipping-taxable","13":"purchasable","14":"product-type-simple"},"yoast_head":"<!-- This site is optimized with the Yoast SEO plugin v27.1 - https:\/\/yoast.com\/product\/yoast-seo-wordpress\/ -->\n<title>Recharges | Cuisine - Mix &#039;n Clean<\/title>\n<meta name=\"robots\" content=\"index, follow, max-snippet:-1, max-image-preview:large, max-video-preview:-1\" \/>\n<link rel=\"canonical\" href=\"http:\/\/www.mixnclean.eu\/fr\/product\/recharges-cuisine\/\" \/>\n<meta property=\"og:locale\" content=\"fr_FR\" \/>\n<meta property=\"og:type\" content=\"article\" \/>\n<meta property=\"og:title\" content=\"Recharges | Cuisine - Mix &#039;n Clean\" \/>\n<meta property=\"og:description\" content=\"Ces capsules sont des recharges pour le Mix \u2018n Clean Cuisine. Elles contiennent le produit concentr\u00e9 pr\u00eat \u00e0 \u00eatre mix\u00e9 !Utilisez quotidiennement ces capsules pour nettoyer toute votre cuisine (plan de travail, plaque de cuisson, four, etc.) afin d\u2019enlever facilement les taches de graisses et d\u2019huiles.  Ce pack contient :   3 recharges de 5 ml de produit concentr\u00e9 = 3 x 350 ml de produit pr\u00eat \u00e0 l\u2019emploi\" \/>\n<meta property=\"og:url\" content=\"http:\/\/www.mixnclean.eu\/fr\/product\/recharges-cuisine\/\" \/>\n<meta property=\"og:site_name\" content=\"Mix &#039;n Clean\" \/>\n<meta property=\"article:modified_time\" content=\"2024-08-05T08:41:52+00:00\" \/>\n<meta property=\"og:image\" content=\"http:\/\/www.mixnclean.eu\/wp-content\/uploads\/2023\/01\/Mix-n-Clean-Refills-Mockup-Kitchen-FR.jpg\" \/>\n\t<meta property=\"og:image:width\" content=\"1200\" \/>\n\t<meta property=\"og:image:height\" content=\"777\" \/>\n\t<meta property=\"og:image:type\" content=\"image\/jpeg\" \/>\n<meta name=\"twitter:card\" content=\"summary_large_image\" \/>\n<meta name=\"twitter:label1\" content=\"Dur\u00e9e de lecture estim\u00e9e\" \/>\n\t<meta name=\"twitter:data1\" content=\"1 minute\" \/>\n<script type=\"application\/ld+json\" class=\"yoast-schema-graph\">{\"@context\":\"https:\/\/schema.org\",\"@graph\":[{\"@type\":\"WebPage\",\"@id\":\"http:\/\/www.mixnclean.eu\/fr\/product\/recharges-cuisine\/\",\"url\":\"http:\/\/www.mixnclean.eu\/fr\/product\/recharges-cuisine\/\",\"name\":\"Recharges | Cuisine - Mix &#039;n Clean\",\"isPartOf\":{\"@id\":\"https:\/\/www.mixnclean.eu\/fr\/#website\"},\"primaryImageOfPage\":{\"@id\":\"http:\/\/www.mixnclean.eu\/fr\/product\/recharges-cuisine\/#primaryimage\"},\"image\":{\"@id\":\"http:\/\/www.mixnclean.eu\/fr\/product\/recharges-cuisine\/#primaryimage\"},\"thumbnailUrl\":\"http:\/\/www.mixnclean.eu\/wp-content\/uploads\/2023\/01\/Mix-n-Clean-Refills-Mockup-Kitchen-FR.jpg\",\"datePublished\":\"2024-05-03T09:06:40+00:00\",\"dateModified\":\"2024-08-05T08:41:52+00:00\",\"breadcrumb\":{\"@id\":\"http:\/\/www.mixnclean.eu\/fr\/product\/recharges-cuisine\/#breadcrumb\"},\"inLanguage\":\"fr-FR\",\"potentialAction\":[{\"@type\":\"ReadAction\",\"target\":[\"http:\/\/www.mixnclean.eu\/fr\/product\/recharges-cuisine\/\"]}]},{\"@type\":\"ImageObject\",\"inLanguage\":\"fr-FR\",\"@id\":\"http:\/\/www.mixnclean.eu\/fr\/product\/recharges-cuisine\/#primaryimage\",\"url\":\"http:\/\/www.mixnclean.eu\/wp-content\/uploads\/2023\/01\/Mix-n-Clean-Refills-Mockup-Kitchen-FR.jpg\",\"contentUrl\":\"http:\/\/www.mixnclean.eu\/wp-content\/uploads\/2023\/01\/Mix-n-Clean-Refills-Mockup-Kitchen-FR.jpg\",\"width\":1200,\"height\":777},{\"@type\":\"BreadcrumbList\",\"@id\":\"http:\/\/www.mixnclean.eu\/fr\/product\/recharges-cuisine\/#breadcrumb\",\"itemListElement\":[{\"@type\":\"ListItem\",\"position\":1,\"name\":\"Home\",\"item\":\"http:\/\/www.mixnclean.eu\/fr\/\"},{\"@type\":\"ListItem\",\"position\":2,\"name\":\"Produits\",\"item\":\"http:\/\/www.mixnclean.eu\/fr\/shop\/\"},{\"@type\":\"ListItem\",\"position\":3,\"name\":\"Recharges | Cuisine\"}]},{\"@type\":\"WebSite\",\"@id\":\"https:\/\/www.mixnclean.eu\/fr\/#website\",\"url\":\"https:\/\/www.mixnclean.eu\/fr\/\",\"name\":\"Mix &#039;n Clean\",\"description\":\"Fun, fast &amp; easy cleaning\",\"publisher\":{\"@id\":\"https:\/\/www.mixnclean.eu\/fr\/#organization\"},\"potentialAction\":[{\"@type\":\"SearchAction\",\"target\":{\"@type\":\"EntryPoint\",\"urlTemplate\":\"https:\/\/www.mixnclean.eu\/fr\/?s={search_term_string}\"},\"query-input\":{\"@type\":\"PropertyValueSpecification\",\"valueRequired\":true,\"valueName\":\"search_term_string\"}}],\"inLanguage\":\"fr-FR\"},{\"@type\":\"Organization\",\"@id\":\"https:\/\/www.mixnclean.eu\/fr\/#organization\",\"name\":\"Mix &#039;n Clean\",\"url\":\"https:\/\/www.mixnclean.eu\/fr\/\",\"logo\":{\"@type\":\"ImageObject\",\"inLanguage\":\"fr-FR\",\"@id\":\"https:\/\/www.mixnclean.eu\/fr\/#\/schema\/logo\/image\/\",\"url\":\"http:\/\/www.mixnclean.eu\/wp-content\/uploads\/2022\/01\/Mix-n-Clean-LOGO-KLEUR-GEELFR.png\",\"contentUrl\":\"http:\/\/www.mixnclean.eu\/wp-content\/uploads\/2022\/01\/Mix-n-Clean-LOGO-KLEUR-GEELFR.png\",\"width\":264,\"height\":237,\"caption\":\"Mix &#039;n Clean\"},\"image\":{\"@id\":\"https:\/\/www.mixnclean.eu\/fr\/#\/schema\/logo\/image\/\"}}]}<\/script>\n<!-- \/ Yoast SEO plugin. -->","yoast_head_json":{"title":"Recharges | Cuisine - Mix &#039;n Clean","robots":{"index":"index","follow":"follow","max-snippet":"max-snippet:-1","max-image-preview":"max-image-preview:large","max-video-preview":"max-video-preview:-1"},"canonical":"http:\/\/www.mixnclean.eu\/fr\/product\/recharges-cuisine\/","og_locale":"fr_FR","og_type":"article","og_title":"Recharges | Cuisine - Mix &#039;n Clean","og_description":"Ces capsules sont des recharges pour le Mix \u2018n Clean Cuisine. Elles contiennent le produit concentr\u00e9 pr\u00eat \u00e0 \u00eatre mix\u00e9 !Utilisez quotidiennement ces capsules pour nettoyer toute votre cuisine (plan de travail, plaque de cuisson, four, etc.) afin d\u2019enlever facilement les taches de graisses et d\u2019huiles.  Ce pack contient :   3 recharges de 5 ml de produit concentr\u00e9 = 3 x 350 ml de produit pr\u00eat \u00e0 l\u2019emploi","og_url":"http:\/\/www.mixnclean.eu\/fr\/product\/recharges-cuisine\/","og_site_name":"Mix &#039;n Clean","article_modified_time":"2024-08-05T08:41:52+00:00","og_image":[{"width":1200,"height":777,"url":"http:\/\/www.mixnclean.eu\/wp-content\/uploads\/2023\/01\/Mix-n-Clean-Refills-Mockup-Kitchen-FR.jpg","type":"image\/jpeg"}],"twitter_card":"summary_large_image","twitter_misc":{"Dur\u00e9e de lecture estim\u00e9e":"1 minute"},"schema":{"@context":"https:\/\/schema.org","@graph":[{"@type":"WebPage","@id":"http:\/\/www.mixnclean.eu\/fr\/product\/recharges-cuisine\/","url":"http:\/\/www.mixnclean.eu\/fr\/product\/recharges-cuisine\/","name":"Recharges | Cuisine - Mix &#039;n Clean","isPartOf":{"@id":"https:\/\/www.mixnclean.eu\/fr\/#website"},"primaryImageOfPage":{"@id":"http:\/\/www.mixnclean.eu\/fr\/product\/recharges-cuisine\/#primaryimage"},"image":{"@id":"http:\/\/www.mixnclean.eu\/fr\/product\/recharges-cuisine\/#primaryimage"},"thumbnailUrl":"http:\/\/www.mixnclean.eu\/wp-content\/uploads\/2023\/01\/Mix-n-Clean-Refills-Mockup-Kitchen-FR.jpg","datePublished":"2024-05-03T09:06:40+00:00","dateModified":"2024-08-05T08:41:52+00:00","breadcrumb":{"@id":"http:\/\/www.mixnclean.eu\/fr\/product\/recharges-cuisine\/#breadcrumb"},"inLanguage":"fr-FR","potentialAction":[{"@type":"ReadAction","target":["http:\/\/www.mixnclean.eu\/fr\/product\/recharges-cuisine\/"]}]},{"@type":"ImageObject","inLanguage":"fr-FR","@id":"http:\/\/www.mixnclean.eu\/fr\/product\/recharges-cuisine\/#primaryimage","url":"http:\/\/www.mixnclean.eu\/wp-content\/uploads\/2023\/01\/Mix-n-Clean-Refills-Mockup-Kitchen-FR.jpg","contentUrl":"http:\/\/www.mixnclean.eu\/wp-content\/uploads\/2023\/01\/Mix-n-Clean-Refills-Mockup-Kitchen-FR.jpg","width":1200,"height":777},{"@type":"BreadcrumbList","@id":"http:\/\/www.mixnclean.eu\/fr\/product\/recharges-cuisine\/#breadcrumb","itemListElement":[{"@type":"ListItem","position":1,"name":"Home","item":"http:\/\/www.mixnclean.eu\/fr\/"},{"@type":"ListItem","position":2,"name":"Produits","item":"http:\/\/www.mixnclean.eu\/fr\/shop\/"},{"@type":"ListItem","position":3,"name":"Recharges | Cuisine"}]},{"@type":"WebSite","@id":"https:\/\/www.mixnclean.eu\/fr\/#website","url":"https:\/\/www.mixnclean.eu\/fr\/","name":"Mix &#039;n Clean","description":"Fun, fast &amp; easy cleaning","publisher":{"@id":"https:\/\/www.mixnclean.eu\/fr\/#organization"},"potentialAction":[{"@type":"SearchAction","target":{"@type":"EntryPoint","urlTemplate":"https:\/\/www.mixnclean.eu\/fr\/?s={search_term_string}"},"query-input":{"@type":"PropertyValueSpecification","valueRequired":true,"valueName":"search_term_string"}}],"inLanguage":"fr-FR"},{"@type":"Organization","@id":"https:\/\/www.mixnclean.eu\/fr\/#organization","name":"Mix &#039;n Clean","url":"https:\/\/www.mixnclean.eu\/fr\/","logo":{"@type":"ImageObject","inLanguage":"fr-FR","@id":"https:\/\/www.mixnclean.eu\/fr\/#\/schema\/logo\/image\/","url":"http:\/\/www.mixnclean.eu\/wp-content\/uploads\/2022\/01\/Mix-n-Clean-LOGO-KLEUR-GEELFR.png","contentUrl":"http:\/\/www.mixnclean.eu\/wp-content\/uploads\/2022\/01\/Mix-n-Clean-LOGO-KLEUR-GEELFR.png","width":264,"height":237,"caption":"Mix &#039;n Clean"},"image":{"@id":"https:\/\/www.mixnclean.eu\/fr\/#\/schema\/logo\/image\/"}}]}},"_links":{"self":[{"href":"http:\/\/www.mixnclean.eu\/fr\/wp-json\/wp\/v2\/product\/2972","targetHints":{"allow":["GET"]}}],"collection":[{"href":"http:\/\/www.mixnclean.eu\/fr\/wp-json\/wp\/v2\/product"}],"about":[{"href":"http:\/\/www.mixnclean.eu\/fr\/wp-json\/wp\/v2\/types\/product"}],"replies":[{"embeddable":true,"href":"http:\/\/www.mixnclean.eu\/fr\/wp-json\/wp\/v2\/comments?post=2972"}],"version-history":[{"count":1,"href":"http:\/\/www.mixnclean.eu\/fr\/wp-json\/wp\/v2\/product\/2972\/revisions"}],"predecessor-version":[{"id":3170,"href":"http:\/\/www.mixnclean.eu\/fr\/wp-json\/wp\/v2\/product\/2972\/revisions\/3170"}],"wp:featuredmedia":[{"embeddable":true,"href":"http:\/\/www.mixnclean.eu\/fr\/wp-json\/wp\/v2\/media\/2554"}],"wp:attachment":[{"href":"http:\/\/www.mixnclean.eu\/fr\/wp-json\/wp\/v2\/media?parent=2972"}],"wp:term":[{"taxonomy":"product_brand","embeddable":true,"href":"http:\/\/www.mixnclean.eu\/fr\/wp-json\/wp\/v2\/product_brand?post=2972"},{"taxonomy":"product_cat","embeddable":true,"href":"http:\/\/www.mixnclean.eu\/fr\/wp-json\/wp\/v2\/product_cat?post=2972"},{"taxonomy":"product_tag","embeddable":true,"href":"http:\/\/www.mixnclean.eu\/fr\/wp-json\/wp\/v2\/product_tag?post=2972"}],"curies":[{"name":"wp","href":"https:\/\/api.w.org\/{rel}","templated":true}]}}